{"id":1200,"date":"2021-03-28T10:40:46","date_gmt":"2021-03-28T13:40:46","guid":{"rendered":"http:\/\/vidasraras.org.br\/sitewp\/?page_id=1200"},"modified":"2021-03-28T10:45:00","modified_gmt":"2021-03-28T13:45:00","slug":"nossa-historia","status":"publish","type":"page","link":"https:\/\/vidasraras.org.br\/sitewp\/nossa-historia\/","title":{"rendered":"Nossa hist\u00f3ria"},"content":{"rendered":"\t\t<div data-elementor-type=\"wp-page\" data-elementor-id=\"1200\" class=\"elementor elementor-1200\">\n\t\t\t\t\t\t<div class=\"elementor-inner\">\n\t\t\t\t<div class=\"elementor-section-wrap\">\n\t\t\t\t\t\t\t\t\t<section class=\"elementor-section elementor-top-section elementor-element elementor-element-40a46fc elementor-section-boxed elementor-section-height-default elementor-section-height-default\" data-id=\"40a46fc\" data-element_type=\"section\">\n\t\t\t\t\t\t<div class=\"elementor-container elementor-column-gap-default\">\n\t\t\t\t\t\t\t<div class=\"elementor-row\">\n\t\t\t\t\t<div class=\"elementor-column elementor-col-100 elementor-top-column elementor-element elementor-element-930ec5f\" data-id=\"930ec5f\" data-element_type=\"column\">\n\t\t\t<div class=\"elementor-column-wrap elementor-element-populated\">\n\t\t\t\t\t\t\t<div class=\"elementor-widget-wrap\">\n\t\t\t\t\t\t<div class=\"elementor-element elementor-element-f74468f elementor-widget elementor-widget-heading\" data-id=\"f74468f\" data-element_type=\"widget\" data-widget_type=\"heading.default\">\n\t\t\t\t<div class=\"elementor-widget-container\">\n\t\t\t<h2 class=\"elementor-heading-title elementor-size-default\">Nossa Hist\u00f3ria<\/h2>\t\t<\/div>\n\t\t\t\t<\/div>\n\t\t\t\t<section class=\"elementor-section elementor-inner-section elementor-element elementor-element-b2c3b70 elementor-section-boxed elementor-section-height-default elementor-section-height-default\" data-id=\"b2c3b70\" data-element_type=\"section\">\n\t\t\t\t\t\t<div class=\"elementor-container elementor-column-gap-default\">\n\t\t\t\t\t\t\t<div class=\"elementor-row\">\n\t\t\t\t\t<div class=\"elementor-column elementor-col-50 elementor-inner-column elementor-element elementor-element-c575a27\" data-id=\"c575a27\" data-element_type=\"column\">\n\t\t\t<div class=\"elementor-column-wrap elementor-element-populated\">\n\t\t\t\t\t\t\t<div class=\"elementor-widget-wrap\">\n\t\t\t\t\t\t<div class=\"elementor-element elementor-element-89fdb08 elementor-widget elementor-widget-image\" data-id=\"89fdb08\" data-element_type=\"widget\" data-widget_type=\"image.default\">\n\t\t\t\t<div class=\"elementor-widget-container\">\n\t\t\t\t\t\t\t\t<div class=\"elementor-image\">\n\t\t\t\t\t\t\t\t\t\t\t\t<img width=\"555\" height=\"512\" src=\"https:\/\/vidasraras.org.br\/sitewp\/wp-content\/uploads\/2021\/03\/arvore_da_vida.jpg\" class=\"attachment-large size-large\" alt=\"\" loading=\"lazy\" srcset=\"https:\/\/vidasraras.org.br\/sitewp\/wp-content\/uploads\/2021\/03\/arvore_da_vida.jpg 555w, https:\/\/vidasraras.org.br\/sitewp\/wp-content\/uploads\/2021\/03\/arvore_da_vida-300x277.jpg 300w\" sizes=\"(max-width: 555px) 100vw, 555px\" \/>\t\t\t\t\t\t\t\t\t\t\t\t\t\t<\/div>\n\t\t\t\t\t\t<\/div>\n\t\t\t\t<\/div>\n\t\t\t\t\t\t<\/div>\n\t\t\t\t\t<\/div>\n\t\t<\/div>\n\t\t\t\t<div class=\"elementor-column elementor-col-50 elementor-inner-column elementor-element elementor-element-0808570\" data-id=\"0808570\" data-element_type=\"column\">\n\t\t\t<div class=\"elementor-column-wrap elementor-element-populated\">\n\t\t\t\t\t\t\t<div class=\"elementor-widget-wrap\">\n\t\t\t\t\t\t<div class=\"elementor-element elementor-element-48cdf82 elementor-widget elementor-widget-text-editor\" data-id=\"48cdf82\" data-element_type=\"widget\" data-widget_type=\"text-editor.default\">\n\t\t\t\t<div class=\"elementor-widget-container\">\n\t\t\t\t\t\t\t\t<div class=\"elementor-text-editor elementor-clearfix\">\n\t\t\t\t<p>Conhe\u00e7a um pouco mais sobre o Instituto Vidas Raras O Instituto Vidas Raras, fundado em 5 de julho de 2001, com sede na Cidade de Guarulhos, \u00e9 uma organiza\u00e7\u00e3o n\u00e3o governamental sem fins lucrativos, de \u00e2mbito nacional que visa promover os direitos constitucionais das pessoas portadores desta s\u00edndrome e que se encontram em situa\u00e7\u00e3o de vulnerabilidade social. Nosso trabalho \u00e9 embasado e norteado por 4 pilares: \u00c9tica, Honestidade, Transpar\u00eancia, Comprometimento. O Instituto Vidas Raras busca orientar e conscientizar a sociedade e a classe m\u00e9dica sobre a exist\u00eancia de doen\u00e7as raras, e atrav\u00e9s de seus representantes buscando estar presente em centros de tratamento, divulgando e propagando nas m\u00eddias sociais, televisivas, escritas e faladas. Ao decorrer dos anos de exist\u00eancia do Instituto Vidas Raras, tornou-se internacionalmente conhecida por um trabalho s\u00e9rio e bem sucedido com as pessoas acometidas por Doen\u00e7as Raras e suas fam\u00edlias.Por ser uma Associa\u00e7\u00e3o atuante no cen\u00e1rio nacional, o Instituto Vidas Raras possui um papel essencial para a regulamenta\u00e7\u00e3o das Doen\u00e7as Raras, sendo hoje a \u00fanica Associa\u00e7\u00e3o que representa uma patologia que possui tratamento no Grupo de Trabalho voltado para Doen\u00e7as Raras do Minist\u00e9rio da Sa\u00fade.\u00a0<\/p>\t\t\t\t\t<\/div>\n\t\t\t\t\t\t<\/div>\n\t\t\t\t<\/div>\n\t\t\t\t\t\t<\/div>\n\t\t\t\t\t<\/div>\n\t\t<\/div>\n\t\t\t\t\t\t\t\t<\/div>\n\t\t\t\t\t<\/div>\n\t\t<\/section>\n\t\t\t\t\t\t<\/div>\n\t\t\t\t\t<\/div>\n\t\t<\/div>\n\t\t\t\t\t\t\t\t<\/div>\n\t\t\t\t\t<\/div>\n\t\t<\/section>\n\t\t\t\t\t\t\t\t\t<\/div>\n\t\t\t<\/div>\n\t\t\t\t\t<\/div>\n\t\t","protected":false},"excerpt":{"rendered":"<p>Nossa Hist\u00f3ria Conhe\u00e7a um pouco mais sobre o Instituto Vidas&hellip;<\/p>\n<p> <a class=\"more-link\" href=\"https:\/\/vidasraras.org.br\/sitewp\/nossa-historia\/\">Leia mais<\/a><\/p>\n","protected":false},"author":1,"featured_media":0,"parent":0,"menu_order":0,"comment_status":"closed","ping_status":"closed","template":"","meta":[],"uagb_featured_image_src":{"full":false,"thumbnail":false,"medium":false,"medium_large":false,"large":false,"1536x1536":false,"2048x2048":false,"ultp_layout_landscape_large":false,"ultp_layout_landscape":false,"ultp_layout_portrait":false,"ultp_layout_square":false},"uagb_author_info":{"display_name":"admin","author_link":"https:\/\/vidasraras.org.br\/sitewp\/author\/admin\/"},"uagb_comment_info":0,"uagb_excerpt":"Nossa Hist\u00f3ria Conhe\u00e7a um pouco mais sobre o Instituto Vidas&hellip; Leia mais","_links":{"self":[{"href":"https:\/\/vidasraras.org.br\/sitewp\/wp-json\/wp\/v2\/pages\/1200"}],"collection":[{"href":"https:\/\/vidasraras.org.br\/sitewp\/wp-json\/wp\/v2\/pages"}],"about":[{"href":"https:\/\/vidasraras.org.br\/sitewp\/wp-json\/wp\/v2\/types\/page"}],"author":[{"embeddable":true,"href":"https:\/\/vidasraras.org.br\/sitewp\/wp-json\/wp\/v2\/users\/1"}],"replies":[{"embeddable":true,"href":"https:\/\/vidasraras.org.br\/sitewp\/wp-json\/wp\/v2\/comments?post=1200"}],"version-history":[{"count":13,"href":"https:\/\/vidasraras.org.br\/sitewp\/wp-json\/wp\/v2\/pages\/1200\/revisions"}],"predecessor-version":[{"id":1213,"href":"https:\/\/vidasraras.org.br\/sitewp\/wp-json\/wp\/v2\/pages\/1200\/revisions\/1213"}],"wp:attachment":[{"href":"https:\/\/vidasraras.org.br\/sitewp\/wp-json\/wp\/v2\/media?parent=1200"}],"curies":[{"name":"wp","href":"https:\/\/api.w.org\/{rel}","templated":true}]}}