{"id":13105,"date":"2022-04-04T17:22:47","date_gmt":"2022-04-04T20:22:47","guid":{"rendered":"https:\/\/vidasraras.org.br\/sitewp\/?page_id=13105"},"modified":"2022-04-04T18:08:26","modified_gmt":"2022-04-04T21:08:26","slug":"contesuahistoria","status":"publish","type":"page","link":"https:\/\/vidasraras.org.br\/sitewp\/contesuahistoria\/","title":{"rendered":""},"content":{"rendered":"\t\t<div data-elementor-type=\"wp-page\" data-elementor-id=\"13105\" class=\"elementor elementor-13105\">\n\t\t\t\t\t\t<div class=\"elementor-inner\">\n\t\t\t\t<div class=\"elementor-section-wrap\">\n\t\t\t\t\t\t\t\t\t<section class=\"elementor-section elementor-top-section elementor-element elementor-element-11a5e6c4 elementor-section-content-middle elementor-section-stretched elementor-section-boxed elementor-section-height-default elementor-section-height-default\" data-id=\"11a5e6c4\" data-element_type=\"section\" id=\"contesuahistoria\" data-settings=\"{&quot;stretch_section&quot;:&quot;section-stretched&quot;,&quot;background_background&quot;:&quot;classic&quot;}\">\n\t\t\t\t\t\t\t<div class=\"elementor-background-overlay\"><\/div>\n\t\t\t\t\t\t\t<div class=\"elementor-container elementor-column-gap-default\">\n\t\t\t\t\t\t\t<div class=\"elementor-row\">\n\t\t\t\t\t<div class=\"elementor-column elementor-col-100 elementor-top-column elementor-element elementor-element-1666db59\" data-id=\"1666db59\" data-element_type=\"column\">\n\t\t\t<div class=\"elementor-column-wrap elementor-element-populated\">\n\t\t\t\t\t\t\t<div class=\"elementor-widget-wrap\">\n\t\t\t\t\t\t<section class=\"elementor-section elementor-inner-section elementor-element elementor-element-59074540 elementor-section-boxed elementor-section-height-default elementor-section-height-default\" data-id=\"59074540\" data-element_type=\"section\">\n\t\t\t\t\t\t<div class=\"elementor-container elementor-column-gap-default\">\n\t\t\t\t\t\t\t<div class=\"elementor-row\">\n\t\t\t\t\t<div class=\"elementor-column elementor-col-100 elementor-inner-column elementor-element elementor-element-393d8f35\" data-id=\"393d8f35\" data-element_type=\"column\">\n\t\t\t<div class=\"elementor-column-wrap elementor-element-populated\">\n\t\t\t\t\t\t\t<div class=\"elementor-widget-wrap\">\n\t\t\t\t\t\t<div class=\"elementor-element elementor-element-5bcb83b4 elementor-widget elementor-widget-heading\" data-id=\"5bcb83b4\" data-element_type=\"widget\" id=\"coluna-rara\" data-widget_type=\"heading.default\">\n\t\t\t\t<div class=\"elementor-widget-container\">\n\t\t\t<h2 class=\"elementor-heading-title elementor-size-default\">CONHE\u00c7A HIST\u00d3RIAS RARAS<\/h2>\t\t<\/div>\n\t\t\t\t<\/div>\n\t\t\t\t\t\t<\/div>\n\t\t\t\t\t<\/div>\n\t\t<\/div>\n\t\t\t\t\t\t\t\t<\/div>\n\t\t\t\t\t<\/div>\n\t\t<\/section>\n\t\t\t\t<div class=\"elementor-element elementor-element-3e1cef89 elementor-widget elementor-widget-a13fe-post-list\" data-id=\"3e1cef89\" data-element_type=\"widget\" data-widget_type=\"a13fe-post-list.default\">\n\t\t\t\t<div class=\"elementor-widget-container\">\n\t\t\t<div class=\"bricks-frame posts-bricks posts-bricks-1  posts_vertical_centered posts-columns-3\"><div class=\"posts-grid-container\" data-margin=\"40\"><div class=\"grid-master\"><\/div><div class=\"archive-item w1 post-13841 post type-post status-publish format-standard has-post-thumbnail category-conte-sua-historia category-noticias\" data-category-256=\"1\" data-category-3=\"1\" itemtype=\"https:\/\/schema.org\/CreativeWork\" itemscope><div class=\"item-image post-media\"><a href=\"https:\/\/vidasraras.org.br\/sitewp\/a-monique-cristina-e-um-exemplo-de-mulher\/\"><img width=\"807\" src=\"https:\/\/vidasraras.org.br\/sitewp\/wp-content\/uploads\/apollo13_images\/Screenshot-2024-05-26-211003-7j1hk4pdxuymyiqx4mm54kgzulmdy9cxz2.png\" class=\"attachment-807x0x1xx90 size-807x0x1xx90 wp-post-image\" alt=\"\" itemprop=\"image\" \/><\/a><\/div>\n<div class=\"formatter\">\n    <div class=\"real-content hentry\">\n\n        <div class=\"post-meta\"><time class=\"entry-date published updated\" datetime=\"2024-05-27T01:22:24-03:00\" itemprop=\"datePublished\">27 de maio de 2024<\/time> <span class=\"separator\"><\/span><div class=\"post-meta-categories\"><a href=\"https:\/\/vidasraras.org.br\/sitewp\/category\/conte-sua-historia\/\" rel=\"category tag\">Conte sua Hist\u00f3ria<\/a>, <a href=\"https:\/\/vidasraras.org.br\/sitewp\/category\/noticias\/\" rel=\"category tag\">Noticias<\/a><\/div><\/div><h2 class=\"post-title entry-title\" itemprop=\"headline\"><a href=\"https:\/\/vidasraras.org.br\/sitewp\/a-monique-cristina-e-um-exemplo-de-mulher\/\" itemprop=\"url\">A Monique Cristina \u00e9 um Exemplo de Mulher<\/a><\/h2>\n        <div class=\"entry-summary\" itemprop=\"text\">\n        <p>Meu nome \u00e9 Monique Cristina, tenho 23 anos.Tenho Epidermolise Bolhosa&hellip;<\/p>\n<p> <a class=\"more-link\" href=\"https:\/\/vidasraras.org.br\/sitewp\/a-monique-cristina-e-um-exemplo-de-mulher\/\">Leia mais<\/a><\/p>\n        <\/div>\n\n        <div class=\"clear\"><\/div>\n\n                \n    <\/div>\n<\/div><\/div><div class=\"archive-item w1 post-13828 post type-post status-publish format-standard has-post-thumbnail category-conte-sua-historia\" data-category-256=\"1\" itemtype=\"https:\/\/schema.org\/CreativeWork\" itemscope><div class=\"item-image post-media\"><a href=\"https:\/\/vidasraras.org.br\/sitewp\/conheca-a-jhenifer-e-o-que-ela-aprendeu-com-sua-doenca\/\"><img width=\"807\" src=\"https:\/\/vidasraras.org.br\/sitewp\/wp-content\/uploads\/apollo13_images\/WhatsApp-Image-2024-04-01-at-1.26.36-PM-7iabibnr7sww0qx9u51ak1eh38yden6wie.jpeg\" class=\"attachment-807x0x1xx90 size-807x0x1xx90 wp-post-image\" alt=\"\" itemprop=\"image\" \/><\/a><\/div>\n<div class=\"formatter\">\n    <div class=\"real-content hentry\">\n\n        <div class=\"post-meta\"><time class=\"entry-date published updated\" datetime=\"2024-04-01T17:32:25-03:00\" itemprop=\"datePublished\">1 de abril de 2024<\/time> <span class=\"separator\"><\/span><div class=\"post-meta-categories\"><a href=\"https:\/\/vidasraras.org.br\/sitewp\/category\/conte-sua-historia\/\" rel=\"category tag\">Conte sua Hist\u00f3ria<\/a><\/div><\/div><h2 class=\"post-title entry-title\" itemprop=\"headline\"><a href=\"https:\/\/vidasraras.org.br\/sitewp\/conheca-a-jhenifer-e-o-que-ela-aprendeu-com-sua-doenca\/\" itemprop=\"url\">Conhe\u00e7a a Jhenifer e o que ela aprendeu com sua doen\u00e7a<\/a><\/h2>\n        <div class=\"entry-summary\" itemprop=\"text\">\n        <p>Ol\u00e1, me chamo Jhenifer de Amorim, possuo 30 anos, e&hellip;<\/p>\n<p> <a class=\"more-link\" href=\"https:\/\/vidasraras.org.br\/sitewp\/conheca-a-jhenifer-e-o-que-ela-aprendeu-com-sua-doenca\/\">Leia mais<\/a><\/p>\n        <\/div>\n\n        <div class=\"clear\"><\/div>\n\n                \n    <\/div>\n<\/div><\/div><div class=\"archive-item w1 post-13825 post type-post status-publish format-standard has-post-thumbnail category-conte-sua-historia\" data-category-256=\"1\" itemtype=\"https:\/\/schema.org\/CreativeWork\" itemscope><div class=\"item-image post-media\"><a href=\"https:\/\/vidasraras.org.br\/sitewp\/o-orlando-carneiro-diz-nao-a-acomodacao\/\"><img width=\"807\" src=\"https:\/\/vidasraras.org.br\/sitewp\/wp-content\/uploads\/apollo13_images\/WhatsApp-Image-2024-03-26-at-10.58.29-AM-7i7bwww7lm142ptbczizh3uzkjl25tfhgu.jpeg\" class=\"attachment-807x0x1xx90 size-807x0x1xx90 wp-post-image\" alt=\"\" itemprop=\"image\" \/><\/a><\/div>\n<div class=\"formatter\">\n    <div class=\"real-content hentry\">\n\n        <div class=\"post-meta\"><time class=\"entry-date published updated\" datetime=\"2024-03-26T15:27:22-03:00\" itemprop=\"datePublished\">26 de mar\u00e7o de 2024<\/time> <span class=\"separator\"><\/span><div class=\"post-meta-categories\"><a href=\"https:\/\/vidasraras.org.br\/sitewp\/category\/conte-sua-historia\/\" rel=\"category tag\">Conte sua Hist\u00f3ria<\/a><\/div><\/div><h2 class=\"post-title entry-title\" itemprop=\"headline\"><a href=\"https:\/\/vidasraras.org.br\/sitewp\/o-orlando-carneiro-diz-nao-a-acomodacao\/\" itemprop=\"url\">O Orlando Carneiro diz n\u00e3o a acomoda\u00e7\u00e3o<\/a><\/h2>\n        <div class=\"entry-summary\" itemprop=\"text\">\n        <p>Meu nome \u00e9 Orlando Carneiro Jr, tenho 60 anos. Sou&hellip;<\/p>\n<p> <a class=\"more-link\" href=\"https:\/\/vidasraras.org.br\/sitewp\/o-orlando-carneiro-diz-nao-a-acomodacao\/\">Leia mais<\/a><\/p>\n        <\/div>\n\n        <div class=\"clear\"><\/div>\n\n                \n    <\/div>\n<\/div><\/div><\/div><\/div>\t\t<\/div>\n\t\t\t\t<\/div>\n\t\t\t\t\t\t<\/div>\n\t\t\t\t\t<\/div>\n\t\t<\/div>\n\t\t\t\t\t\t\t\t<\/div>\n\t\t\t\t\t<\/div>\n\t\t<\/section>\n\t\t\t\t<section class=\"elementor-section elementor-top-section elementor-element elementor-element-273192ac elementor-section-boxed elementor-section-height-default elementor-section-height-default\" data-id=\"273192ac\" data-element_type=\"section\">\n\t\t\t\t\t\t<div class=\"elementor-container elementor-column-gap-default\">\n\t\t\t\t\t\t\t<div class=\"elementor-row\">\n\t\t\t\t\t<div class=\"elementor-column elementor-col-100 elementor-top-column elementor-element elementor-element-17e549be\" data-id=\"17e549be\" data-element_type=\"column\">\n\t\t\t<div class=\"elementor-column-wrap elementor-element-populated\">\n\t\t\t\t\t\t\t<div class=\"elementor-widget-wrap\">\n\t\t\t\t\t\t<div class=\"elementor-element elementor-element-6139e381 elementor-align-center elementor-mobile-align-center elementor-widget elementor-widget-button\" data-id=\"6139e381\" data-element_type=\"widget\" data-widget_type=\"button.default\">\n\t\t\t\t<div class=\"elementor-widget-container\">\n\t\t\t\t\t<div class=\"elementor-button-wrapper\">\n\t\t\t<a href=\"mailto:contesuahistoria@vidasraras.org.br\" target=\"_blank\" class=\"elementor-button-link elementor-button elementor-size-md\" role=\"button\">\n\t\t\t\t\t\t<span class=\"elementor-button-content-wrapper\">\n\t\t\t\t\t\t<span class=\"elementor-button-text\">CONTAR MINHA HIST\u00d3RIA<\/span>\n\t\t<\/span>\n\t\t\t\t\t<\/a>\n\t\t<\/div>\n\t\t\t\t<\/div>\n\t\t\t\t<\/div>\n\t\t\t\t\t\t<\/div>\n\t\t\t\t\t<\/div>\n\t\t<\/div>\n\t\t\t\t\t\t\t\t<\/div>\n\t\t\t\t\t<\/div>\n\t\t<\/section>\n\t\t\t\t\t\t\t\t\t<\/div>\n\t\t\t<\/div>\n\t\t\t\t\t<\/div>\n\t\t","protected":false},"excerpt":{"rendered":"<p>CONHE\u00c7A HIST\u00d3RIAS RARAS 4 de abril de 2022 Conte sua&hellip;<\/p>\n<p> <a class=\"more-link\" href=\"https:\/\/vidasraras.org.br\/sitewp\/o-orlando-carneiro-diz-nao-a-acomodacao\/\">Leia mais<\/a><\/p>\n","protected":false},"author":2,"featured_media":12607,"parent":0,"menu_order":0,"comment_status":"closed","ping_status":"closed","template":"","meta":[],"uagb_featured_image_src":{"full":["https:\/\/vidasraras.org.br\/sitewp\/wp-content\/uploads\/2021\/12\/logo_vidas_raras.png",710,709,false],"thumbnail":["https:\/\/vidasraras.org.br\/sitewp\/wp-content\/uploads\/2021\/12\/logo_vidas_raras-150x150.png",150,150,true],"medium":["https:\/\/vidasraras.org.br\/sitewp\/wp-content\/uploads\/2021\/12\/logo_vidas_raras-300x300.png",300,300,true],"medium_large":["https:\/\/vidasraras.org.br\/sitewp\/wp-content\/uploads\/2021\/12\/logo_vidas_raras.png",710,709,false],"large":["https:\/\/vidasraras.org.br\/sitewp\/wp-content\/uploads\/2021\/12\/logo_vidas_raras.png",710,709,false],"1536x1536":["https:\/\/vidasraras.org.br\/sitewp\/wp-content\/uploads\/2021\/12\/logo_vidas_raras.png",710,709,false],"2048x2048":["https:\/\/vidasraras.org.br\/sitewp\/wp-content\/uploads\/2021\/12\/logo_vidas_raras.png",710,709,false],"ultp_layout_landscape_large":["https:\/\/vidasraras.org.br\/sitewp\/wp-content\/uploads\/2021\/12\/logo_vidas_raras.png",710,709,false],"ultp_layout_landscape":["https:\/\/vidasraras.org.br\/sitewp\/wp-content\/uploads\/2021\/12\/logo_vidas_raras-710x570.png",710,570,true],"ultp_layout_portrait":["https:\/\/vidasraras.org.br\/sitewp\/wp-content\/uploads\/2021\/12\/logo_vidas_raras-600x709.png",600,709,true],"ultp_layout_square":["https:\/\/vidasraras.org.br\/sitewp\/wp-content\/uploads\/2021\/12\/logo_vidas_raras-600x600.png",600,600,true]},"uagb_author_info":{"display_name":"Vidas Raras","author_link":"https:\/\/vidasraras.org.br\/sitewp\/author\/comunicacao\/"},"uagb_comment_info":0,"uagb_excerpt":"CONHE\u00c7A HIST\u00d3RIAS RARAS 4 de abril de 2022 Conte sua&hellip; Leia mais","_links":{"self":[{"href":"https:\/\/vidasraras.org.br\/sitewp\/wp-json\/wp\/v2\/pages\/13105"}],"collection":[{"href":"https:\/\/vidasraras.org.br\/sitewp\/wp-json\/wp\/v2\/pages"}],"about":[{"href":"https:\/\/vidasraras.org.br\/sitewp\/wp-json\/wp\/v2\/types\/page"}],"author":[{"embeddable":true,"href":"https:\/\/vidasraras.org.br\/sitewp\/wp-json\/wp\/v2\/users\/2"}],"replies":[{"embeddable":true,"href":"https:\/\/vidasraras.org.br\/sitewp\/wp-json\/wp\/v2\/comments?post=13105"}],"version-history":[{"count":12,"href":"https:\/\/vidasraras.org.br\/sitewp\/wp-json\/wp\/v2\/pages\/13105\/revisions"}],"predecessor-version":[{"id":13128,"href":"https:\/\/vidasraras.org.br\/sitewp\/wp-json\/wp\/v2\/pages\/13105\/revisions\/13128"}],"wp:featuredmedia":[{"embeddable":true,"href":"https:\/\/vidasraras.org.br\/sitewp\/wp-json\/wp\/v2\/media\/12607"}],"wp:attachment":[{"href":"https:\/\/vidasraras.org.br\/sitewp\/wp-json\/wp\/v2\/media?parent=13105"}],"curies":[{"name":"wp","href":"https:\/\/api.w.org\/{rel}","templated":true}]}}